{"id":1290,"date":"2014-06-01T21:45:41","date_gmt":"2014-06-01T19:45:41","guid":{"rendered":"http:\/\/tischlerei-hechenblaikner.at\/?page_id=1290"},"modified":"2015-08-31T14:29:13","modified_gmt":"2015-08-31T12:29:13","slug":"impressum-imprint","status":"publish","type":"page","link":"https:\/\/www.ascherwirt.at\/wp\/kontakt-aufnehmen-zum-ascherwirt\/impressum\/","title":{"rendered":"Impressum"},"content":{"rendered":"<p><\/p>\n<h2>Haftungsausschluss<\/h2>\n<p>Es\u00a0liegt in der Natur des Internets, Inhalte verschiedener Website-Betreiber miteinander zu verkn\u00fcpfen Da wir jedoch keinen Einfluss auf den Inhalt fremder Internetseiten haben, distanzieren wir uns ausdr\u00fccklich von den Inhalten aller gelinkten Seiten. Der verlinkte Inhalt wurde zum Zeitpunkt der Verlinkung \u00fcberpr\u00fcft und f\u00fcr unbedenklich befunden.\u00a0Diese Erkl\u00e4rung gilt f\u00fcr s\u00e4mtliche auf dieser Website angef\u00fchrten Links. Die in dieser Website ver\u00f6ffentlichten Inhalte sind mit gr\u00f6\u00dfter Sorgfalt recherchiert. Dennoch k\u00f6nnen wir keine Gew\u00e4hr f\u00fcr die vollst\u00e4ndige Richtigkeit \u00fcbernehmen.\u2028 Alle Angaben erfolgen ohne Gew\u00e4hr. Eine Haftung f\u00fcr Sch\u00e4den, die sich aus der Verwendung der in dieser Website ver\u00f6ffentlichten Inhalte oder Services ergeben, ist ausgeschlossen.<\/p>\n<h2>Informationen gem\u00e4\u00df E-Commerce Gesetz, Unternehmensgesetzbuch und Gewerbeordnung<\/h2>\n<table>\n<colgroup>\n<col width=\"200\" \/>\n<col \/><\/colgroup>\n<tbody>\n<tr>\n<td>\n<p>Firma:<\/p>\n<p>selbstgew\u00e4hlte Bezeichnung:<\/p>\n<\/td>\n<td>\n<p class=\"fn org\">Armin Ascher<\/p>\n<p>Ascherwirt<br \/> Gasthof &#8211; Pension<\/p>\n<\/td>\n<\/tr>\n<tr>\n<td>\n<p>E-Mail:<\/p>\n<p>Fax:<\/p>\n<p>Telefon:<\/p>\n<\/td>\n<td>\n<p><a href=\"ma&#105;&#108;&#116;&#x6f;&#x3a;&#x69;&#x6e;&#x66;o&#64;&#97;&#115;&#99;&#x68;&#x65;&#x72;&#x77;&#x69;rt&#46;&#97;&#116;\">&#x69;&#x6e;&#102;o&#x40;&#x61;&#x73;&#99;h&#x65;&#x72;&#x77;&#105;r&#x74;&#x2e;&#x61;&#116;<\/a><\/p>\n<p>+43 5331 5449<\/p>\n\t<a class=\"\" href=\"tel:+4353315219\">Telefon\u00a0+43 5331 5219<\/a>\n<\/td>\n<\/tr>\n<tr>\n<td>Adresse:<\/td>\n<td>Haus am Platz 17,\u00a0A-6234 Brandenberg (<a title=\"Anfahrt\" href=\"http:\/\/www.ascherwirt.at\/wp\/kontakt-aufnehmen-zum-ascherwirt\/anfahrt\/\">Routenplaner<\/a>)<\/td>\n<\/tr>\n<tr>\n<td>zust. Beh\u00f6rde:<\/td>\n<td>Bezirkshauptmannschaft\u00a0Kufstein<\/td>\n<\/tr>\n<tr>\n<td>Gewerbeberechtigung:<\/td>\n<td>\u00a0Gastgewerbe gem\u00e4\u00df \u00a7 111 Abs 1 Z 1 &#8211; 2 GewO 1994, in der Betriebsart &#8222;Gasthof&#8220;<\/td>\n<\/tr>\n<tr>\n<td>UID-Nummer:<\/td>\n<td>\u00a0AT U68331708<\/td>\n<\/tr>\n<tr>\n<td>Mitgliedschaft:<\/td>\n<td>Wirtschaftskammer Tirol, FG Hotelerie, TV Alpbach Seenland<\/td>\n<\/tr>\n<\/tbody>\n<\/table>\n<h2>Impressum gem\u00e4\u00df Mediengesetz<\/h2>\n<table>\n<colgroup>\n<col width=\"200\" \/>\n<col \/><\/colgroup>\n<tbody>\n<tr>\n<td>Medieninhaber\/ Herausgeber:<\/td>\n<td>\n<p>Armin Ascher<\/p>\n<p>Haus am Platz 17,\u00a0A-6234 Brandenberg\u00a0\u00d6sterreich<\/p>\n<\/td>\n<\/tr>\n<tr>\n<td>Gegenstand der\u00a0 Internetpr\u00e4sentation:<\/td>\n<td>\u00a0Pr\u00e4sentation der Einrichtungen und Angebote des Ascherwirts<\/td>\n<\/tr>\n<tr>\n<td>Medienunternehmen\/ Hersteller:<\/td>\n<td><a title=\"Werbeagentur Webdesign Gallzein Tirol\" href=\"http:\/\/www.primemarketing.at\/\" target=\"_blank\">PrimeMarketing<\/a> A-6222 Gallzein Hochgallzein 11b (c) 2010 PrimeMarketing<\/td>\n<\/tr>\n<\/tbody>\n<\/table>\n<h2>Bildnachweis<\/h2>\n<ul>\n<li>Bilder von Wikipedia unter\u00a0<a title=\"Wikipedia Lizenz\" href=\"http:\/\/de.wikipedia.org\/wiki\/Wikipedia:Lizenzbestimmungen_Commons_Attribution-ShareAlike_3.0_Unported\" target=\"_blank\">Creative-Commons-Lizenz\u00a0Attribution-ShareAlike 3.0 Unported<\/a><\/li>\n<li>Archiv <a href=\"http:\/\/www.alpbachtal.at\/\" target=\"_blank\">Tourismusverband Alpbachtal Seenland<\/a><\/li>\n<li>Archiv\u00a0Ascher Wirt<\/li>\n<li>Archiv\u00a0<a title=\"Webdesign und Werbeagentur PrimeMarketing - Ing. Heinz Laab\" href=\"http:\/\/www.primemarketing.at\/\" target=\"_blank\">PrimeMarketing<\/a>\u00a0&#8211; (c) Ing. Heinz Laab<\/li>\n<li>Stockphoto\u00a0<a href=\"http:\/\/de.fotolia.com\/\" target=\"_blank\">Fotolia<\/a><\/li>\n<li>Stockphoto\u00a0<a href=\"http:\/\/www.sxc.hu\/\" target=\"_blank\">Stock.XCHNG<\/a><\/li>\n<\/ul>\n<p><\/p>","protected":false},"excerpt":{"rendered":"<p>Haftungsausschluss Es\u00a0liegt in der Natur des Internets, Inhalte verschiedener Website-Betreiber miteinander zu verkn\u00fcpfen Da wir jedoch keinen Einfluss auf den Inhalt fremder Internetseiten haben, distanzieren wir uns ausdr\u00fccklich von den Inhalten aller gelinkten Seiten. Der verlinkte Inhalt wurde zum Zeitpunkt &hellip; <a href=\"https:\/\/www.ascherwirt.at\/wp\/kontakt-aufnehmen-zum-ascherwirt\/impressum\/\">Weiterlesen <span class=\"meta-nav\">&rarr;<\/span><\/a><\/p>\n","protected":false},"author":5,"featured_media":0,"parent":1307,"menu_order":0,"comment_status":"closed","ping_status":"closed","template":"sidebar-page.php","meta":[],"_links":{"self":[{"href":"https:\/\/www.ascherwirt.at\/wp\/wp-json\/wp\/v2\/pages\/1290"}],"collection":[{"href":"https:\/\/www.ascherwirt.at\/wp\/wp-json\/wp\/v2\/pages"}],"about":[{"href":"https:\/\/www.ascherwirt.at\/wp\/wp-json\/wp\/v2\/types\/page"}],"author":[{"embeddable":true,"href":"https:\/\/www.ascherwirt.at\/wp\/wp-json\/wp\/v2\/users\/5"}],"replies":[{"embeddable":true,"href":"https:\/\/www.ascherwirt.at\/wp\/wp-json\/wp\/v2\/comments?post=1290"}],"version-history":[{"count":13,"href":"https:\/\/www.ascherwirt.at\/wp\/wp-json\/wp\/v2\/pages\/1290\/revisions"}],"predecessor-version":[{"id":5196,"href":"https:\/\/www.ascherwirt.at\/wp\/wp-json\/wp\/v2\/pages\/1290\/revisions\/5196"}],"up":[{"embeddable":true,"href":"https:\/\/www.ascherwirt.at\/wp\/wp-json\/wp\/v2\/pages\/1307"}],"wp:attachment":[{"href":"https:\/\/www.ascherwirt.at\/wp\/wp-json\/wp\/v2\/media?parent=1290"}],"curies":[{"name":"wp","href":"https:\/\/api.w.org\/{rel}","templated":true}]}}